{"id":268,"date":"2026-02-11T17:24:01","date_gmt":"2026-02-11T16:24:01","guid":{"rendered":"https:\/\/gktbud.pl\/?page_id=268"},"modified":"2026-03-09T12:54:34","modified_gmt":"2026-03-09T11:54:34","slug":"jaselkowa","status":"publish","type":"page","link":"https:\/\/gktbud.pl\/?page_id=268","title":{"rendered":"OSIEDLE JASE\u0141KOWA"},"content":{"rendered":"\n<p><strong>Opis inwestycji<\/strong><\/p>\n\n\n\n<p>Na sprzeda\u017c dwa nowoczesne domy jednorodzinne w zabudowie wolnostoj\u0105cej, realizowane wed\u0142ug projektu indywidualnego zlokalizowane przy ul. Jase\u0142kowej w Krakowie.<\/p>\n\n\n\n<p>Ka\u017cdy z budynk\u00f3w oferuje funkcjonalny i komfortowy uk\u0142ad pomieszcze\u0144:<\/p>\n\n\n\n<ul class=\"wp-block-list\">\n<li>5 pokoi<\/li>\n\n\n\n<li>kuchnia<\/li>\n\n\n\n<li>2 \u0142azienki<\/li>\n\n\n\n<li>kot\u0142ownia<\/li>\n\n\n\n<li>gara\u017c<\/li>\n<\/ul>\n\n\n\n<p>Powierzchnia domu: ok. 140 m\u00b2<br>Powierzchnia dzia\u0142ki: ok. 500 m\u00b2<\/p>\n\n\n\n<p>Teren inwestycji b\u0119dzie w ca\u0142o\u015bci ogrodzony, co zapewni bezpiecze\u0144stwo i prywatno\u015b\u0107 mieszka\u0144c\u00f3w.<\/p>\n\n\n\n<p>Nieruchomo\u015b\u0107 zlokalizowana jest w atrakcyjnej okolicy z bardzo dobr\u0105 komunikacj\u0105 oraz pe\u0142n\u0105 infrastruktur\u0105 w pobli\u017cu \u2014 w s\u0105siedztwie znajduj\u0105 si\u0119 m.in. przedszkole, szko\u0142a oraz o\u015brodek zdrowia.<\/p>\n\n\n\n<p>Planowany termin oddania inwestycji: III kwarta\u0142 2026 roku.<\/p>\n\n\n<div class=\"wp-block-image\">\n<figure class=\"aligncenter size-full\"><img loading=\"lazy\" decoding=\"async\" width=\"755\" height=\"726\" src=\"https:\/\/gktbud.pl\/wp-content\/uploads\/2026\/02\/image.png\" alt=\"\" class=\"wp-image-277\" srcset=\"https:\/\/gktbud.pl\/wp-content\/uploads\/2026\/02\/image.png 755w, https:\/\/gktbud.pl\/wp-content\/uploads\/2026\/02\/image-300x288.png 300w\" sizes=\"auto, (max-width: 706px) 89vw, (max-width: 767px) 82vw, 740px\" \/><\/figure>\n<\/div>\n\n<div class=\"wp-block-image\">\n<figure class=\"aligncenter size-full\"><img loading=\"lazy\" decoding=\"async\" width=\"626\" height=\"459\" src=\"https:\/\/gktbud.pl\/wp-content\/uploads\/2026\/02\/image-1.png\" alt=\"\" class=\"wp-image-278\" srcset=\"https:\/\/gktbud.pl\/wp-content\/uploads\/2026\/02\/image-1.png 626w, https:\/\/gktbud.pl\/wp-content\/uploads\/2026\/02\/image-1-300x220.png 300w\" sizes=\"auto, (max-width: 626px) 100vw, 626px\" \/><\/figure>\n<\/div>\n\n<div class=\"wp-block-image\">\n<figure class=\"aligncenter size-full\"><img loading=\"lazy\" decoding=\"async\" width=\"659\" height=\"496\" src=\"https:\/\/gktbud.pl\/wp-content\/uploads\/2026\/02\/image-6.png\" alt=\"\" class=\"wp-image-284\" srcset=\"https:\/\/gktbud.pl\/wp-content\/uploads\/2026\/02\/image-6.png 659w, https:\/\/gktbud.pl\/wp-content\/uploads\/2026\/02\/image-6-300x226.png 300w\" sizes=\"auto, (max-width: 659px) 100vw, 659px\" \/><\/figure>\n<\/div>\n\n<div class=\"wp-block-image\">\n<figure class=\"aligncenter size-full is-resized\"><img loading=\"lazy\" decoding=\"async\" width=\"500\" height=\"694\" src=\"https:\/\/gktbud.pl\/wp-content\/uploads\/2026\/02\/image-2.png\" alt=\"\" class=\"wp-image-280\" style=\"width:501px;height:auto\" srcset=\"https:\/\/gktbud.pl\/wp-content\/uploads\/2026\/02\/image-2.png 500w, https:\/\/gktbud.pl\/wp-content\/uploads\/2026\/02\/image-2-216x300.png 216w\" sizes=\"auto, (max-width: 500px) 100vw, 500px\" \/><\/figure>\n<\/div>\n\n<div class=\"wp-block-image\">\n<figure class=\"aligncenter size-full\"><img loading=\"lazy\" decoding=\"async\" width=\"438\" height=\"224\" src=\"https:\/\/gktbud.pl\/wp-content\/uploads\/2026\/02\/image-3.png\" alt=\"\" class=\"wp-image-281\" srcset=\"https:\/\/gktbud.pl\/wp-content\/uploads\/2026\/02\/image-3.png 438w, https:\/\/gktbud.pl\/wp-content\/uploads\/2026\/02\/image-3-300x153.png 300w\" sizes=\"auto, (max-width: 438px) 100vw, 438px\" \/><\/figure>\n<\/div>\n\n<div class=\"wp-block-image\">\n<figure class=\"aligncenter size-full\"><img loading=\"lazy\" decoding=\"async\" width=\"496\" height=\"589\" src=\"https:\/\/gktbud.pl\/wp-content\/uploads\/2026\/02\/image-4.png\" alt=\"\" class=\"wp-image-282\" srcset=\"https:\/\/gktbud.pl\/wp-content\/uploads\/2026\/02\/image-4.png 496w, https:\/\/gktbud.pl\/wp-content\/uploads\/2026\/02\/image-4-253x300.png 253w\" sizes=\"auto, (max-width: 496px) 100vw, 496px\" \/><\/figure>\n<\/div>\n\n<div class=\"wp-block-image\">\n<figure class=\"aligncenter size-full\"><img loading=\"lazy\" decoding=\"async\" width=\"437\" height=\"262\" src=\"https:\/\/gktbud.pl\/wp-content\/uploads\/2026\/02\/image-5.png\" alt=\"\" class=\"wp-image-283\" srcset=\"https:\/\/gktbud.pl\/wp-content\/uploads\/2026\/02\/image-5.png 437w, https:\/\/gktbud.pl\/wp-content\/uploads\/2026\/02\/image-5-300x180.png 300w\" sizes=\"auto, (max-width: 437px) 100vw, 437px\" \/><\/figure>\n<\/div>\n\n\n<p><strong><u>Podstawowe parametry budynk\u00f3w:<\/u><\/strong><\/p>\n\n\n\n<ul class=\"wp-block-list\">\n<li>Powierzchnia dzia\u0142ki:&nbsp;ok.<strong>500 m\u00b2<\/strong><\/li>\n\n\n\n<li>Rynek:&nbsp;<strong>pierwotny<\/strong><\/li>\n\n\n\n<li>Liczba pokoi:&nbsp;<strong>5<\/strong><\/li>\n\n\n\n<li>Rodzaj zabudowy:&nbsp;&nbsp;<strong>wolnostoj\u0105cy<\/strong><\/li>\n\n\n\n<li>Liczba kondygnacji:&nbsp;<strong>2<\/strong><\/li>\n\n\n\n<li>Materia\u0142 budynku:&nbsp;<strong>pustak beton kom\u00f3rkowy<\/strong><\/li>\n\n\n\n<li>Rok budowy:&nbsp;<strong>2026<\/strong><\/li>\n\n\n\n<li>Poddasze:&nbsp;<strong>u\u017cytkowe<\/strong><\/li>\n\n\n\n<li>Dach:&nbsp;<strong>sko\u015bny dwuspadowy<\/strong><\/li>\n\n\n\n<li>Pokrycie dachu:&nbsp;<strong>dach\u00f3wka p\u0142aska<\/strong><\/li>\n\n\n\n<li>Stan wyko\u0144czenia:&nbsp;<strong>deweloperski<\/strong><\/li>\n\n\n\n<li>Okna:&nbsp;<strong>plastikowe<\/strong><\/li>\n\n\n\n<li>Po\u0142o\u017cenie:&nbsp;<strong>miasto<\/strong><\/li>\n\n\n\n<li>Powierzchnia u\u017cytkowa :&nbsp;<strong>ok 140 m<sup>2<\/sup><\/strong><\/li>\n<\/ul>\n\n\n\n<p><strong><u>Standard wyko\u0144czenia:<\/u><\/strong><\/p>\n\n\n\n<ol class=\"wp-block-list\">\n<li>Architektura i konstrukcja:\n<ol class=\"wp-block-list\">\n<li><strong>&nbsp;Konstrukcja \u015bcian zewn\u0119trznych \u2013&nbsp;<\/strong>pustak beton kom\u00f3rkowy<\/li>\n\n\n\n<li><strong>&nbsp;Ocieplenie \u2013&nbsp;<\/strong>styropian gr 15cm<\/li>\n\n\n\n<li><strong>&nbsp;Fundamenty \u2013&nbsp;<\/strong>\u0142awy monolityczne \u017celbetowe, \u015bciany z pustak\u00f3w szalunkowych<\/li>\n\n\n\n<li><strong>&nbsp;Konstrukcja \u015bcian wewn\u0119trznych konstrukcyjnych oraz dzia\u0142owych \u2013&nbsp;<\/strong>pustak ceramiczny<\/li>\n\n\n\n<li><strong>&nbsp;Strop na parterze&nbsp;<\/strong>\u2013 monolityczny \u017celbetowy<\/li>\n\n\n\n<li><strong>&nbsp;Tynki wewn\u0119trzne<\/strong>&nbsp;\u2013 gipsowe<\/li>\n\n\n\n<li><strong>&nbsp;Nadpro\u017ca<\/strong>&nbsp;\u2013 monolityczne, \u017celbetowe, belki ceramiczne<\/li>\n\n\n\n<li><strong>&nbsp;Schody<\/strong>&nbsp;\u2013 \u017celbetowe, dwubiegowe<\/li>\n\n\n\n<li><strong>&nbsp;&nbsp;Dach&nbsp;<\/strong>\u2013 dwuspadowy, konstrukcja drewniana, krycie dach\u00f3wk\u0105 p\u0142ask\u0105<\/li>\n<\/ol>\n<\/li>\n\n\n\n<li>Izolacja termiczna\n<ol class=\"wp-block-list\">\n<li>\u015bciany zewn\u0119trzne \u2013 styropian 15cm, \u015bciany fundament\u00f3w 12cm<\/li>\n\n\n\n<li>pod\u0142oga na gruncie \u2013 styropian 15cm<\/li>\n<\/ol>\n<\/li>\n\n\n\n<li>Stolarka i elementy zewn\u0119trzne\n<ol class=\"wp-block-list\">\n<li><strong>&nbsp;Okna<\/strong>&nbsp;\u2013 PVC, 3 szybowe, wsp\u00f3\u0142czynnik przenikania U<sub>V<\/sub>&nbsp;&lt; 0,9. Okna<\/li>\n\n\n\n<li>Drzwi zewn\u0119trzne \u2013 antyw\u0142amaniowe,<\/li>\n\n\n\n<li>Brama gara\u017cowa \u2013 segmentowa z nap\u0119dem, sterowana lokalnie i z pilota, kolor grafit<\/li>\n\n\n\n<li><strong>&nbsp;Parapety zewn\u0119trzne<\/strong>&nbsp;\u2013 blacha powlekana<\/li>\n\n\n\n<li>&nbsp;<strong>Rolety zewn\u0119trzne \u2013&nbsp;<\/strong>mo\u017cliwo\u015b\u0107 wykonania za dop\u0142at\u0105, system sterowania jak i rodzaj rolet do indywidualnego ustalenia<\/li>\n<\/ol>\n<\/li>\n\n\n\n<li>Zagospodarowanie terenu\n<ol class=\"wp-block-list\">\n<li>Opaska dooko\u0142a budynku wysypana kamieniem,<\/li>\n\n\n\n<li>Podjazdy i \u015bcie\u017cki przed budynkiem wykonane z kostki brukowej \/ powierzchnie \u017cwirowe \u2013 zgodnie z projektem zagospodarowania.<\/li>\n<\/ol>\n<\/li>\n\n\n\n<li>Instalacje sanitarne \u2013 dostosowane do architektury budynku\n<ol class=\"wp-block-list\">\n<li><strong>System wentylacji<\/strong>&nbsp;\u2013 wentylacja mechaniczna \/ rekuperator<\/li>\n\n\n\n<li><strong>Ogrzewanie w budynku<\/strong>&nbsp;\u2013 pompa ciep\u0142a powietrze-woda<\/li>\n\n\n\n<li><strong>Ogrzewanie pod\u0142ogowe w ca\u0142ym budynku<\/strong><\/li>\n\n\n\n<li><strong>Kanalizacja<\/strong>&nbsp;\u2013 odprowadzenie \u015bciek\u00f3w do kanalizacji MPWIK<\/li>\n\n\n\n<li><strong>Woda \u2013&nbsp;<\/strong>MPWIK<\/li>\n<\/ol>\n<\/li>\n\n\n\n<li>Instalacje elektryczne\n<ol class=\"wp-block-list\">\n<li>Zasilanie lini\u0105 kablow\u0105 z zestawu z\u0142\u0105czowo-pomiarowego<\/li>\n\n\n\n<li>Instalacja elektryczna wewn\u0119trzna wraz z zamontowanym osprz\u0119tem, wypusty o\u015bwietleniowe zako\u0144czone kostk\u0105.<\/li>\n\n\n\n<li>Instalacja zewn\u0119trzna \u2013 wypust kablowy na zewn\u0105trz budynku pod o\u015bwietlenie zewn\u0119trzne w ogrodzie<\/li>\n\n\n\n<li>Instalacja alarmowa \u2013 okablowanie<\/li>\n\n\n\n<li>Instalacja monitoringu CCTV \u2013 okablowanie<\/li>\n\n\n\n<li>Instalacja antenowa \u2013 okablowanie<\/li>\n\n\n\n<li>Instalacja fotowoltaiczna \u2013 trasy kablowe pod u\u0142o\u017cenie okablowania AC i DC.<\/li>\n\n\n\n<li>\u0141adowarka samochodowa \u2013 okablowanie bez dostawy urz\u0105dze\u0144<\/li>\n<\/ol>\n<\/li>\n\n\n\n<li>Lokalizacja\n<ol class=\"wp-block-list\">\n<li>Cisza i spok\u00f3j \u2013 obrze\u017ca osiedla Gr\u0119ba\u0142\u00f3w<\/li>\n\n\n\n<li>Komunikacja miejska MPK, nieopodal zajezdnia tramwajowa<\/li>\n<\/ol>\n<\/li>\n<\/ol>\n\n\n\n<p><\/p>\n\n\n\n<p><strong>Cennik budynk\u00f3w:<\/strong><br>&#8211; budynek A &#8211; zarezerwowany<br>&#8211; budynek B &#8211; 1 280 000z\u0142<\/p>\n\n\n\n<p><\/p>\n\n\n\n<iframe src=\"https:\/\/www.google.com\/maps\/embed?pb=!1m14!1m8!1m3!1d2172.5637007450828!2d20.109772!3d50.103258!3m2!1i1024!2i768!4f13.1!3m3!1m2!1s0x47164f002dad4075%3A0x3e320c6e10ccc860!2sGKT%20BUD%20Sp.%20z%20o.o.%20-%20os.%20Jase%C5%82kowa!5e1!3m2!1spl!2spl!4v1771673875777!5m2!1spl!2spl\" width=\"600\" height=\"450\" style=\"border:0;\" allowfullscreen=\"\" loading=\"lazy\" referrerpolicy=\"no-referrer-when-downgrade\"><\/iframe>\n\n\n\n<p><\/p>\n","protected":false},"excerpt":{"rendered":"<p>Opis inwestycji Na sprzeda\u017c dwa nowoczesne domy jednorodzinne w zabudowie wolnostoj\u0105cej, realizowane wed\u0142ug projektu indywidualnego zlokalizowane przy ul. Jase\u0142kowej w Krakowie. Ka\u017cdy z budynk\u00f3w oferuje funkcjonalny i komfortowy uk\u0142ad pomieszcze\u0144: Powierzchnia domu: ok. 140 m\u00b2Powierzchnia dzia\u0142ki: ok. 500 m\u00b2 Teren inwestycji b\u0119dzie w ca\u0142o\u015bci ogrodzony, co zapewni bezpiecze\u0144stwo i prywatno\u015b\u0107 mieszka\u0144c\u00f3w. Nieruchomo\u015b\u0107 zlokalizowana jest w &hellip; <\/p>\n<p class=\"link-more\"><a href=\"https:\/\/gktbud.pl\/?page_id=268\" class=\"more-link\">Continue reading<span class=\"screen-reader-text\"> &#8220;OSIEDLE JASE\u0141KOWA&#8221;<\/span><\/a><\/p>\n","protected":false},"author":1,"featured_media":0,"parent":0,"menu_order":0,"comment_status":"closed","ping_status":"closed","template":"","meta":{"footnotes":""},"class_list":["post-268","page","type-page","status-publish","hentry"],"_links":{"self":[{"href":"https:\/\/gktbud.pl\/index.php?rest_route=\/wp\/v2\/pages\/268","targetHints":{"allow":["GET"]}}],"collection":[{"href":"https:\/\/gktbud.pl\/index.php?rest_route=\/wp\/v2\/pages"}],"about":[{"href":"https:\/\/gktbud.pl\/index.php?rest_route=\/wp\/v2\/types\/page"}],"author":[{"embeddable":true,"href":"https:\/\/gktbud.pl\/index.php?rest_route=\/wp\/v2\/users\/1"}],"replies":[{"embeddable":true,"href":"https:\/\/gktbud.pl\/index.php?rest_route=%2Fwp%2Fv2%2Fcomments&post=268"}],"version-history":[{"count":17,"href":"https:\/\/gktbud.pl\/index.php?rest_route=\/wp\/v2\/pages\/268\/revisions"}],"predecessor-version":[{"id":316,"href":"https:\/\/gktbud.pl\/index.php?rest_route=\/wp\/v2\/pages\/268\/revisions\/316"}],"wp:attachment":[{"href":"https:\/\/gktbud.pl\/index.php?rest_route=%2Fwp%2Fv2%2Fmedia&parent=268"}],"curies":[{"name":"wp","href":"https:\/\/api.w.org\/{rel}","templated":true}]}}